{"id":10255,"date":"2018-07-04T09:41:36","date_gmt":"2018-07-04T07:41:36","guid":{"rendered":"https:\/\/www.superfaktura.sk\/cennik\/ostatne-cenniky\/"},"modified":"2023-03-20T15:38:19","modified_gmt":"2023-03-20T14:38:19","slug":"other-pricelist","status":"publish","type":"page","link":"https:\/\/www.superfaktura.sk\/en\/package-price-list\/other-pricelist\/","title":{"rendered":"Pricelist of SMS, postage stamps and kilometres for the Logbook"},"content":{"rendered":"","protected":false},"excerpt":{"rendered":"","protected":false},"author":1,"featured_media":0,"parent":10251,"menu_order":0,"comment_status":"closed","ping_status":"closed","template":"page-prices-addons.php","meta":{"_acf_changed":false,"inline_featured_image":false,"footnotes":""},"class_list":["post-10255","page","type-page","status-publish","hentry"],"acf":[],"yoast_head":"<!-- This site is optimized with the Yoast SEO plugin v27.5 - https:\/\/yoast.com\/product\/yoast-seo-wordpress\/ -->\n<title>Pricelist of SMS, postage stamps and kilometres for the Logbook - SuperFakt\u00fara.sk<\/title>\n<meta name=\"description\" content=\"We can do more than you think. You can send SMS reminders to your customers, send invoices by mail from the comfort of your home, or simply record your trips by car in the logbook.\" \/>\n<meta name=\"robots\" content=\"index, follow, max-snippet:-1, max-image-preview:large, max-video-preview:-1\" \/>\n<link rel=\"canonical\" href=\"https:\/\/www.superfaktura.sk\/en\/package-price-list\/other-pricelist\/\" \/>\n<meta property=\"og:locale\" content=\"en_US\" \/>\n<meta property=\"og:type\" content=\"article\" \/>\n<meta property=\"og:title\" content=\"Pricelist of SMS, postage stamps and kilometres for the Logbook - SuperFakt\u00fara.sk\" \/>\n<meta property=\"og:description\" content=\"We can do more than you think. You can send SMS reminders to your customers, send invoices by mail from the comfort of your home, or simply record your trips by car in the logbook.\" \/>\n<meta property=\"og:url\" content=\"https:\/\/www.superfaktura.sk\/en\/package-price-list\/other-pricelist\/\" \/>\n<meta property=\"og:site_name\" content=\"SuperFakt\u00fara.sk\" \/>\n<meta property=\"article:publisher\" content=\"https:\/\/www.facebook.com\/SuperFaktura\/\" \/>\n<meta property=\"article:modified_time\" content=\"2023-03-20T14:38:19+00:00\" \/>\n<meta property=\"og:image\" content=\"https:\/\/www.superfaktura.sk\/wp-content\/uploads\/2025\/05\/Superfaktura-og.jpg\" \/>\n\t<meta property=\"og:image:width\" content=\"1200\" \/>\n\t<meta property=\"og:image:height\" content=\"628\" \/>\n\t<meta property=\"og:image:type\" content=\"image\/jpeg\" \/>\n<meta name=\"twitter:card\" content=\"summary_large_image\" \/>\n<meta name=\"twitter:site\" content=\"@superfaktura\" \/>\n<script type=\"application\/ld+json\" class=\"yoast-schema-graph\">{\n\t    \"@context\": \"https:\\\/\\\/schema.org\",\n\t    \"@graph\": [\n\t        {\n\t            \"@type\": \"WebPage\",\n\t            \"@id\": \"https:\\\/\\\/www.superfaktura.sk\\\/en\\\/package-price-list\\\/other-pricelist\\\/\",\n\t            \"url\": \"https:\\\/\\\/www.superfaktura.sk\\\/en\\\/package-price-list\\\/other-pricelist\\\/\",\n\t            \"name\": \"Pricelist of SMS, postage stamps and kilometres for the Logbook - SuperFakt\u00fara.sk\",\n\t            \"isPartOf\": {\n\t                \"@id\": \"https:\\\/\\\/www.superfaktura.sk\\\/en\\\/#website\"\n\t            },\n\t            \"datePublished\": \"2018-07-04T07:41:36+00:00\",\n\t            \"dateModified\": \"2023-03-20T14:38:19+00:00\",\n\t            \"description\": \"We can do more than you think. You can send SMS reminders to your customers, send invoices by mail from the comfort of your home, or simply record your trips by car in the logbook.\",\n\t            \"breadcrumb\": {\n\t                \"@id\": \"https:\\\/\\\/www.superfaktura.sk\\\/en\\\/package-price-list\\\/other-pricelist\\\/#breadcrumb\"\n\t            },\n\t            \"inLanguage\": \"en-US\",\n\t            \"potentialAction\": [\n\t                {\n\t                    \"@type\": \"ReadAction\",\n\t                    \"target\": [\n\t                        \"https:\\\/\\\/www.superfaktura.sk\\\/en\\\/package-price-list\\\/other-pricelist\\\/\"\n\t                    ]\n\t                }\n\t            ],\n\t            \"image\": \"https:\\\/\\\/pomoc.superfaktura.sk\\\/wp-content\\\/uploads\\\/2014\\\/04\\\/superfaktura.png\"\n\t        },\n\t        {\n\t            \"@type\": \"BreadcrumbList\",\n\t            \"@id\": \"https:\\\/\\\/www.superfaktura.sk\\\/en\\\/package-price-list\\\/other-pricelist\\\/#breadcrumb\",\n\t            \"itemListElement\": [\n\t                {\n\t                    \"@type\": \"ListItem\",\n\t                    \"position\": 1,\n\t                    \"name\": \"Home\",\n\t                    \"item\": \"https:\\\/\\\/www.superfaktura.sk\\\/en\\\/\"\n\t                },\n\t                {\n\t                    \"@type\": \"ListItem\",\n\t                    \"position\": 2,\n\t                    \"name\": \"Package price list\",\n\t                    \"item\": \"https:\\\/\\\/www.superfaktura.sk\\\/en\\\/package-price-list\\\/\"\n\t                },\n\t                {\n\t                    \"@type\": \"ListItem\",\n\t                    \"position\": 3,\n\t                    \"name\": \"Pricelist of SMS, postage stamps and kilometres for the Logbook\"\n\t                }\n\t            ]\n\t        },\n\t        {\n\t            \"@type\": \"WebSite\",\n\t            \"@id\": \"https:\\\/\\\/www.superfaktura.sk\\\/en\\\/#website\",\n\t            \"url\": \"https:\\\/\\\/www.superfaktura.sk\\\/en\\\/\",\n\t            \"name\": \"SuperFakt\u00fara.sk\",\n\t            \"description\": \"Fakt\u00fary online pre \u017eivnostn\u00edkov a mal\u00e9 firmy\",\n\t            \"potentialAction\": [\n\t                {\n\t                    \"@type\": \"SearchAction\",\n\t                    \"target\": {\n\t                        \"@type\": \"EntryPoint\",\n\t                        \"urlTemplate\": \"https:\\\/\\\/www.superfaktura.sk\\\/en\\\/?s={search_term_string}\"\n\t                    },\n\t                    \"query-input\": {\n\t                        \"@type\": \"PropertyValueSpecification\",\n\t                        \"valueRequired\": true,\n\t                        \"valueName\": \"search_term_string\"\n\t                    }\n\t                }\n\t            ],\n\t            \"inLanguage\": \"en-US\"\n\t        }\n\t    ]\n\t}<\/script>\n<!-- \/ Yoast SEO plugin. -->","yoast_head_json":{"title":"Pricelist of SMS, postage stamps and kilometres for the Logbook - SuperFakt\u00fara.sk","description":"We can do more than you think. You can send SMS reminders to your customers, send invoices by mail from the comfort of your home, or simply record your trips by car in the logbook.","robots":{"index":"index","follow":"follow","max-snippet":"max-snippet:-1","max-image-preview":"max-image-preview:large","max-video-preview":"max-video-preview:-1"},"canonical":"https:\/\/www.superfaktura.sk\/en\/package-price-list\/other-pricelist\/","og_locale":"en_US","og_type":"article","og_title":"Pricelist of SMS, postage stamps and kilometres for the Logbook - SuperFakt\u00fara.sk","og_description":"We can do more than you think. You can send SMS reminders to your customers, send invoices by mail from the comfort of your home, or simply record your trips by car in the logbook.","og_url":"https:\/\/www.superfaktura.sk\/en\/package-price-list\/other-pricelist\/","og_site_name":"SuperFakt\u00fara.sk","article_publisher":"https:\/\/www.facebook.com\/SuperFaktura\/","article_modified_time":"2023-03-20T14:38:19+00:00","og_image":[{"width":1200,"height":628,"url":"https:\/\/www.superfaktura.sk\/wp-content\/uploads\/2025\/05\/Superfaktura-og.jpg","type":"image\/jpeg"}],"twitter_card":"summary_large_image","twitter_site":"@superfaktura","schema":{"@context":"https:\/\/schema.org","@graph":[{"@type":"WebPage","@id":"https:\/\/www.superfaktura.sk\/en\/package-price-list\/other-pricelist\/","url":"https:\/\/www.superfaktura.sk\/en\/package-price-list\/other-pricelist\/","name":"Pricelist of SMS, postage stamps and kilometres for the Logbook - SuperFakt\u00fara.sk","isPartOf":{"@id":"https:\/\/www.superfaktura.sk\/en\/#website"},"datePublished":"2018-07-04T07:41:36+00:00","dateModified":"2023-03-20T14:38:19+00:00","description":"We can do more than you think. You can send SMS reminders to your customers, send invoices by mail from the comfort of your home, or simply record your trips by car in the logbook.","breadcrumb":{"@id":"https:\/\/www.superfaktura.sk\/en\/package-price-list\/other-pricelist\/#breadcrumb"},"inLanguage":"en-US","potentialAction":[{"@type":"ReadAction","target":["https:\/\/www.superfaktura.sk\/en\/package-price-list\/other-pricelist\/"]}],"image":"https:\/\/pomoc.superfaktura.sk\/wp-content\/uploads\/2014\/04\/superfaktura.png"},{"@type":"BreadcrumbList","@id":"https:\/\/www.superfaktura.sk\/en\/package-price-list\/other-pricelist\/#breadcrumb","itemListElement":[{"@type":"ListItem","position":1,"name":"Home","item":"https:\/\/www.superfaktura.sk\/en\/"},{"@type":"ListItem","position":2,"name":"Package price list","item":"https:\/\/www.superfaktura.sk\/en\/package-price-list\/"},{"@type":"ListItem","position":3,"name":"Pricelist of SMS, postage stamps and kilometres for the Logbook"}]},{"@type":"WebSite","@id":"https:\/\/www.superfaktura.sk\/en\/#website","url":"https:\/\/www.superfaktura.sk\/en\/","name":"SuperFakt\u00fara.sk","description":"Fakt\u00fary online pre \u017eivnostn\u00edkov a mal\u00e9 firmy","potentialAction":[{"@type":"SearchAction","target":{"@type":"EntryPoint","urlTemplate":"https:\/\/www.superfaktura.sk\/en\/?s={search_term_string}"},"query-input":{"@type":"PropertyValueSpecification","valueRequired":true,"valueName":"search_term_string"}}],"inLanguage":"en-US"}]}},"_links":{"self":[{"href":"https:\/\/www.superfaktura.sk\/en\/wp-json\/wp\/v2\/pages\/10255","targetHints":{"allow":["GET"]}}],"collection":[{"href":"https:\/\/www.superfaktura.sk\/en\/wp-json\/wp\/v2\/pages"}],"about":[{"href":"https:\/\/www.superfaktura.sk\/en\/wp-json\/wp\/v2\/types\/page"}],"author":[{"embeddable":true,"href":"https:\/\/www.superfaktura.sk\/en\/wp-json\/wp\/v2\/users\/1"}],"replies":[{"embeddable":true,"href":"https:\/\/www.superfaktura.sk\/en\/wp-json\/wp\/v2\/comments?post=10255"}],"version-history":[{"count":8,"href":"https:\/\/www.superfaktura.sk\/en\/wp-json\/wp\/v2\/pages\/10255\/revisions"}],"predecessor-version":[{"id":12767,"href":"https:\/\/www.superfaktura.sk\/en\/wp-json\/wp\/v2\/pages\/10255\/revisions\/12767"}],"up":[{"embeddable":true,"href":"https:\/\/www.superfaktura.sk\/en\/wp-json\/wp\/v2\/pages\/10251"}],"wp:attachment":[{"href":"https:\/\/www.superfaktura.sk\/en\/wp-json\/wp\/v2\/media?parent=10255"}],"curies":[{"name":"wp","href":"https:\/\/api.w.org\/{rel}","templated":true}]}}