{"id":10281,"date":"2018-08-02T15:01:01","date_gmt":"2018-08-02T13:01:01","guid":{"rendered":"https:\/\/www.superfaktura.sk\/ochrana-sukromia\/"},"modified":"2024-03-08T13:26:21","modified_gmt":"2024-03-08T12:26:21","slug":"privacy-policy","status":"publish","type":"page","link":"https:\/\/www.superfaktura.sk\/en\/privacy-policy\/","title":{"rendered":"Pravidl\u00e1 ochrany osobn\u00fdch \u00fadajov"},"content":{"rendered":"","protected":false},"excerpt":{"rendered":"","protected":false},"author":1,"featured_media":0,"parent":0,"menu_order":0,"comment_status":"closed","ping_status":"closed","template":"","meta":{"_acf_changed":false,"inline_featured_image":false,"footnotes":""},"class_list":["post-10281","page","type-page","status-publish","hentry"],"acf":[],"yoast_head":"<!-- This site is optimized with the Yoast SEO plugin v27.3 - https:\/\/yoast.com\/product\/yoast-seo-wordpress\/ -->\n<title>Pravidl\u00e1 ochrany osobn\u00fdch \u00fadajov - SuperFaktura.sk<\/title>\n<meta name=\"robots\" content=\"index, follow, max-snippet:-1, max-image-preview:large, max-video-preview:-1\" \/>\n<link rel=\"canonical\" href=\"https:\/\/www.superfaktura.sk\/en\/privacy-policy\/\" \/>\n<meta property=\"og:locale\" content=\"en_US\" \/>\n<meta property=\"og:type\" content=\"article\" \/>\n<meta property=\"og:title\" content=\"Pravidl\u00e1 ochrany osobn\u00fdch \u00fadajov - SuperFaktura.sk\" \/>\n<meta property=\"og:url\" content=\"https:\/\/www.superfaktura.sk\/en\/privacy-policy\/\" \/>\n<meta property=\"og:site_name\" content=\"SuperFakt\u00fara.sk\" \/>\n<meta property=\"article:publisher\" content=\"https:\/\/www.facebook.com\/SuperFaktura\/\" \/>\n<meta property=\"article:modified_time\" content=\"2024-03-08T12:26:21+00:00\" \/>\n<meta property=\"og:image\" content=\"https:\/\/www.superfaktura.sk\/wp-content\/uploads\/2025\/05\/Superfaktura-og.jpg\" \/>\n\t<meta property=\"og:image:width\" content=\"1200\" \/>\n\t<meta property=\"og:image:height\" content=\"628\" \/>\n\t<meta property=\"og:image:type\" content=\"image\/jpeg\" \/>\n<meta name=\"twitter:card\" content=\"summary_large_image\" \/>\n<meta name=\"twitter:site\" content=\"@superfaktura\" \/>\n<meta name=\"twitter:label1\" content=\"Est. reading time\" \/>\n\t<meta name=\"twitter:data1\" content=\"17 minutes\" \/>\n<script type=\"application\/ld+json\" class=\"yoast-schema-graph\">{\n\t    \"@context\": \"https:\\\/\\\/schema.org\",\n\t    \"@graph\": [\n\t        {\n\t            \"@type\": \"WebPage\",\n\t            \"@id\": \"https:\\\/\\\/www.superfaktura.sk\\\/en\\\/privacy-policy\\\/\",\n\t            \"url\": \"https:\\\/\\\/www.superfaktura.sk\\\/en\\\/privacy-policy\\\/\",\n\t            \"name\": \"Pravidl\u00e1 ochrany osobn\u00fdch \u00fadajov - SuperFaktura.sk\",\n\t            \"isPartOf\": {\n\t                \"@id\": \"https:\\\/\\\/www.superfaktura.sk\\\/en\\\/#website\"\n\t            },\n\t            \"datePublished\": \"2018-08-02T13:01:01+00:00\",\n\t            \"dateModified\": \"2024-03-08T12:26:21+00:00\",\n\t            \"breadcrumb\": {\n\t                \"@id\": \"https:\\\/\\\/www.superfaktura.sk\\\/en\\\/privacy-policy\\\/#breadcrumb\"\n\t            },\n\t            \"inLanguage\": \"en-US\",\n\t            \"potentialAction\": [\n\t                {\n\t                    \"@type\": \"ReadAction\",\n\t                    \"target\": [\n\t                        \"https:\\\/\\\/www.superfaktura.sk\\\/en\\\/privacy-policy\\\/\"\n\t                    ]\n\t                }\n\t            ],\n\t            \"image\": \"https:\\\/\\\/pomoc.superfaktura.sk\\\/wp-content\\\/uploads\\\/2014\\\/04\\\/superfaktura.png\"\n\t        },\n\t        {\n\t            \"@type\": \"BreadcrumbList\",\n\t            \"@id\": \"https:\\\/\\\/www.superfaktura.sk\\\/en\\\/privacy-policy\\\/#breadcrumb\",\n\t            \"itemListElement\": [\n\t                {\n\t                    \"@type\": \"ListItem\",\n\t                    \"position\": 1,\n\t                    \"name\": \"Home\",\n\t                    \"item\": \"https:\\\/\\\/www.superfaktura.sk\\\/en\\\/\"\n\t                },\n\t                {\n\t                    \"@type\": \"ListItem\",\n\t                    \"position\": 2,\n\t                    \"name\": \"Pravidl\u00e1 ochrany osobn\u00fdch \u00fadajov\"\n\t                }\n\t            ]\n\t        },\n\t        {\n\t            \"@type\": \"WebSite\",\n\t            \"@id\": \"https:\\\/\\\/www.superfaktura.sk\\\/en\\\/#website\",\n\t            \"url\": \"https:\\\/\\\/www.superfaktura.sk\\\/en\\\/\",\n\t            \"name\": \"SuperFakt\u00fara.sk\",\n\t            \"description\": \"Fakt\u00fary online pre \u017eivnostn\u00edkov a mal\u00e9 firmy\",\n\t            \"potentialAction\": [\n\t                {\n\t                    \"@type\": \"SearchAction\",\n\t                    \"target\": {\n\t                        \"@type\": \"EntryPoint\",\n\t                        \"urlTemplate\": \"https:\\\/\\\/www.superfaktura.sk\\\/en\\\/?s={search_term_string}\"\n\t                    },\n\t                    \"query-input\": {\n\t                        \"@type\": \"PropertyValueSpecification\",\n\t                        \"valueRequired\": true,\n\t                        \"valueName\": \"search_term_string\"\n\t                    }\n\t                }\n\t            ],\n\t            \"inLanguage\": \"en-US\"\n\t        }\n\t    ]\n\t}<\/script>\n<!-- \/ Yoast SEO plugin. -->","yoast_head_json":{"title":"Pravidl\u00e1 ochrany osobn\u00fdch \u00fadajov - SuperFaktura.sk","robots":{"index":"index","follow":"follow","max-snippet":"max-snippet:-1","max-image-preview":"max-image-preview:large","max-video-preview":"max-video-preview:-1"},"canonical":"https:\/\/www.superfaktura.sk\/en\/privacy-policy\/","og_locale":"en_US","og_type":"article","og_title":"Pravidl\u00e1 ochrany osobn\u00fdch \u00fadajov - SuperFaktura.sk","og_url":"https:\/\/www.superfaktura.sk\/en\/privacy-policy\/","og_site_name":"SuperFakt\u00fara.sk","article_publisher":"https:\/\/www.facebook.com\/SuperFaktura\/","article_modified_time":"2024-03-08T12:26:21+00:00","og_image":[{"width":1200,"height":628,"url":"https:\/\/www.superfaktura.sk\/wp-content\/uploads\/2025\/05\/Superfaktura-og.jpg","type":"image\/jpeg"}],"twitter_card":"summary_large_image","twitter_site":"@superfaktura","twitter_misc":{"Est. reading time":"17 minutes"},"schema":{"@context":"https:\/\/schema.org","@graph":[{"@type":"WebPage","@id":"https:\/\/www.superfaktura.sk\/en\/privacy-policy\/","url":"https:\/\/www.superfaktura.sk\/en\/privacy-policy\/","name":"Pravidl\u00e1 ochrany osobn\u00fdch \u00fadajov - SuperFaktura.sk","isPartOf":{"@id":"https:\/\/www.superfaktura.sk\/en\/#website"},"datePublished":"2018-08-02T13:01:01+00:00","dateModified":"2024-03-08T12:26:21+00:00","breadcrumb":{"@id":"https:\/\/www.superfaktura.sk\/en\/privacy-policy\/#breadcrumb"},"inLanguage":"en-US","potentialAction":[{"@type":"ReadAction","target":["https:\/\/www.superfaktura.sk\/en\/privacy-policy\/"]}],"image":"https:\/\/pomoc.superfaktura.sk\/wp-content\/uploads\/2014\/04\/superfaktura.png"},{"@type":"BreadcrumbList","@id":"https:\/\/www.superfaktura.sk\/en\/privacy-policy\/#breadcrumb","itemListElement":[{"@type":"ListItem","position":1,"name":"Home","item":"https:\/\/www.superfaktura.sk\/en\/"},{"@type":"ListItem","position":2,"name":"Pravidl\u00e1 ochrany osobn\u00fdch \u00fadajov"}]},{"@type":"WebSite","@id":"https:\/\/www.superfaktura.sk\/en\/#website","url":"https:\/\/www.superfaktura.sk\/en\/","name":"SuperFakt\u00fara.sk","description":"Fakt\u00fary online pre \u017eivnostn\u00edkov a mal\u00e9 firmy","potentialAction":[{"@type":"SearchAction","target":{"@type":"EntryPoint","urlTemplate":"https:\/\/www.superfaktura.sk\/en\/?s={search_term_string}"},"query-input":{"@type":"PropertyValueSpecification","valueRequired":true,"valueName":"search_term_string"}}],"inLanguage":"en-US"}]}},"_links":{"self":[{"href":"https:\/\/www.superfaktura.sk\/en\/wp-json\/wp\/v2\/pages\/10281","targetHints":{"allow":["GET"]}}],"collection":[{"href":"https:\/\/www.superfaktura.sk\/en\/wp-json\/wp\/v2\/pages"}],"about":[{"href":"https:\/\/www.superfaktura.sk\/en\/wp-json\/wp\/v2\/types\/page"}],"author":[{"embeddable":true,"href":"https:\/\/www.superfaktura.sk\/en\/wp-json\/wp\/v2\/users\/1"}],"replies":[{"embeddable":true,"href":"https:\/\/www.superfaktura.sk\/en\/wp-json\/wp\/v2\/comments?post=10281"}],"version-history":[{"count":8,"href":"https:\/\/www.superfaktura.sk\/en\/wp-json\/wp\/v2\/pages\/10281\/revisions"}],"predecessor-version":[{"id":13694,"href":"https:\/\/www.superfaktura.sk\/en\/wp-json\/wp\/v2\/pages\/10281\/revisions\/13694"}],"wp:attachment":[{"href":"https:\/\/www.superfaktura.sk\/en\/wp-json\/wp\/v2\/media?parent=10281"}],"curies":[{"name":"wp","href":"https:\/\/api.w.org\/{rel}","templated":true}]}}